{"id":67,"date":"2023-01-24T13:42:28","date_gmt":"2023-01-24T12:42:28","guid":{"rendered":"https:\/\/aiep-transculturel.com\/documentation\/?page_id=67"},"modified":"2023-02-02T11:12:49","modified_gmt":"2023-02-02T10:12:49","slug":"a-propos","status":"publish","type":"page","link":"https:\/\/aiep-transculturel.com\/documentation\/a-propos\/","title":{"rendered":"\u00c0 PROPOS"},"content":{"rendered":"<div class='flex_column_table av-ldmxkib8-ac0b1b0dd91d2f6f4753e10e97903b99 sc-av_two_fifth av-equal-height-column-flextable'>\n<style type=\"text\/css\" data-created_by=\"avia_inline_auto\" id=\"style-css-av-ldmxkib8-ac0b1b0dd91d2f6f4753e10e97903b99\">\n.flex_column.av-ldmxkib8-ac0b1b0dd91d2f6f4753e10e97903b99{\npadding:30px 30px 30px 30px;\nheight:400px;\nbackground-color:#facb23;\n}\n<\/style>\n<div  class='flex_column av-ldmxkib8-ac0b1b0dd91d2f6f4753e10e97903b99 av_two_fifth  avia-builder-el-0  el_before_av_three_fifth  avia-builder-el-first  first no_margin flex_column_table_cell av-equal-height-column av-align-middle  '     ><style type=\"text\/css\" data-created_by=\"avia_inline_auto\" id=\"style-css-av-ldmxjjap-499eeb4387a8f623bd686ca6898eed85\">\n#top .av-special-heading.av-ldmxjjap-499eeb4387a8f623bd686ca6898eed85{\npadding-bottom:10px;\n}\nbody .av-special-heading.av-ldmxjjap-499eeb4387a8f623bd686ca6898eed85 .av-special-heading-tag .heading-char{\nfont-size:25px;\n}\n.av-special-heading.av-ldmxjjap-499eeb4387a8f623bd686ca6898eed85 .av-subheading{\nfont-size:15px;\n}\n<\/style>\n<div  class='av-special-heading av-ldmxjjap-499eeb4387a8f623bd686ca6898eed85 av-special-heading-h1 blockquote modern-quote modern-centered  avia-builder-el-1  avia-builder-el-no-sibling '><div class='av-subheading av-subheading_above'><p>Centre de documentation | AIEP<\/p>\n<\/div><h1 class='av-special-heading-tag '  itemprop=\"headline\"  >\u00c0 PROPOS<\/h1><div class=\"special-heading-border\"><div class=\"special-heading-inner-border\"><\/div><\/div><\/div><\/div>\n<style type=\"text\/css\" data-created_by=\"avia_inline_auto\" id=\"style-css-av-ldmxl28q-2cd362a6f940841404398bcfe97cde30\">\n.flex_column.av-ldmxl28q-2cd362a6f940841404398bcfe97cde30{\npadding:30px 30px 30px 30px;\n}\n<\/style>\n<div  class='flex_column av-ldmxl28q-2cd362a6f940841404398bcfe97cde30 av_three_fifth  avia-builder-el-2  el_after_av_two_fifth  el_before_av_section  avia-builder-el-last  no_margin flex_column_table_cell av-equal-height-column av-align-middle  '     ><section  class='av_textblock_section av-ldmxjzvv-de1836583b12af33283bca6f4c041ca0 '   itemscope=\"itemscope\" itemtype=\"https:\/\/schema.org\/CreativeWork\" ><div class='avia_textblock'  itemprop=\"text\" ><p><strong>Le Centre de documentation de la Maison de Solenn<\/strong> propose un fonds documentaire constitu\u00e9 de textes scientifiques et techniques concernant les domaines de la psychopathologie, de la psychiatrie de l\u2019enfant et de l\u2019adolescent, de la p\u00e9diatrie, de la psychiatrie transculturelle, ou encore de l\u2019anthropologie et de la sociologie.<\/p>\n<p>Situ\u00e9 au rez-de-chauss\u00e9e de la Maison des Adolescents, le centre de documentation est ouvert \u00e0 toute personne int\u00e9ress\u00e9e par la sp\u00e9cificit\u00e9 de ses collections.<\/p>\n<\/div><\/section><\/div><\/div><!--close column table wrapper. Autoclose: 1 --><\/div><\/div><\/div><!-- close content main div --><\/div><\/div>\n<style type=\"text\/css\" data-created_by=\"avia_inline_auto\" id=\"style-css-av-av_section-162aa88999413a539d8ccda4057fc762\">\n.avia-section.av-av_section-162aa88999413a539d8ccda4057fc762{\nposition:relative;\n}\n.avia-section.av-av_section-162aa88999413a539d8ccda4057fc762 .av-section-color-overlay{\nopacity:0.3;\nbackground-image:url(https:\/\/aiep-transculturel.com\/documentation\/wp-content\/themes\/enfold\/images\/background-images\/dots-mini-strong.png);\nbackground-repeat:repeat;\n}\n.avia-section.av-av_section-162aa88999413a539d8ccda4057fc762 .avia-divider-svg-bottom svg{\nheight:50px;\nwidth:calc(100% + 1.3px);\nfill:#ffffff;\n}\n<\/style>\n<div id='av_section_1'  class='avia-section av-av_section-162aa88999413a539d8ccda4057fc762 main_color avia-section-default avia-no-border-styling  avia-builder-el-4  el_after_av_three_fifth  avia-builder-el-last  avia-bg-style-scroll av-section-color-overlay-active container_wrap sidebar_right'  ><div class='avia-divider-svg avia-divider-svg-opacity-tilt avia-divider-svg-bottom avia-svg-original'><svg xmlns=\"http:\/\/www.w3.org\/2000\/svg\" viewBox=\"0 0 2600 131.1\" preserveAspectRatio=\"none\">\n\t<path d=\"M0 0L2600 0 2600 69.1 0 0z\"\/>\n\t<path style=\"opacity:0.5\" d=\"M0 0L2600 0 2600 69.1 0 69.1z\"\/>\n\t<path style=\"opacity:0.25\" d=\"M2600 0L0 0 0 130.1 2600 69.1z\"\/>\n<\/svg><\/div><div class=\"av-section-color-overlay-wrap\"><div class=\"av-section-color-overlay\"><\/div><div class='container av-section-cont-open' ><div class='template-page content  av-content-small alpha units'><div class='post-entry post-entry-type-page post-entry-67'><div class='entry-content-wrapper clearfix'>\n<div  class='flex_column av-av_one_fifth-7714eba142aeda1f8b5272a3c372b279 av_one_fifth  avia-builder-el-5  el_before_av_three_fifth  avia-builder-el-first  first flex_column_div  '     ><\/div>\n<style type=\"text\/css\" data-created_by=\"avia_inline_auto\" id=\"style-css-av-av_three_fifth-86d8a607adeaeb1d53534ec81a350984\">\n.flex_column.av-av_three_fifth-86d8a607adeaeb1d53534ec81a350984{\npadding:30px 30px 30px 30px;\n}\n<\/style>\n<div  class='flex_column av-av_three_fifth-86d8a607adeaeb1d53534ec81a350984 av_three_fifth  avia-builder-el-6  el_after_av_one_fifth  el_before_av_one_fifth  flex_column_div  '     ><style type=\"text\/css\" data-created_by=\"avia_inline_auto\" id=\"style-css-av-avia_sc_search-837a28e5300e2b08ef92b69a4ef85ec0\">\n#top .avia_search_element.av-avia_sc_search-837a28e5300e2b08ef92b69a4ef85ec0 .av_searchform_wrapper{\nborder-radius:30px 30px 30px 30px;\nborder-width:3px;\nborder-color:#facb23;\nbackground-color:#facb23;\n}\n#top .avia_search_element.av-avia_sc_search-837a28e5300e2b08ef92b69a4ef85ec0 #s.av-input-field{\nline-height:50px;\nheight:50px;\nborder-radius:30px 30px 30px 30px;\nbackground-color:#f7f7f7;\n}\n#top .avia_search_element.av-avia_sc_search-837a28e5300e2b08ef92b69a4ef85ec0 #searchsubmit{\nborder-radius:30px 30px 30px 30px;\ncolor:#0a0a0a;\nbackground-color:#facb23;\n}\n#top .avia_search_element.av-avia_sc_search-837a28e5300e2b08ef92b69a4ef85ec0 .av_searchsubmit_wrapper{\nborder-radius:30px 30px 30px 30px;\ncolor:#0a0a0a;\nbackground-color:#facb23;\n}\n#top .avia_search_element.av-avia_sc_search-837a28e5300e2b08ef92b69a4ef85ec0 .av-button-icon.av-search-icon{\ncolor:#0a0a0a;\n}\n#top .avia_search_element.av-avia_sc_search-837a28e5300e2b08ef92b69a4ef85ec0 .av-button-icon.av-search-icon.avia-svg-icon svg:first-child{\nfill:#0a0a0a;\nstroke:#0a0a0a;\n}\n<\/style>\n<div  class='avia_search_element av-avia_sc_search-837a28e5300e2b08ef92b69a4ef85ec0  avia-builder-el-7  avia-builder-el-no-sibling '><search><form action='https:\/\/aiep-transculturel.com\/documentation\/' id='searchform_element' method='get' class='av_results_container_fixed' data-element_id='av-avia_sc_search-837a28e5300e2b08ef92b69a4ef85ec0' ><div class='av_searchform_wrapper'><input type='search' value='' id='s' name='s' placeholder='Faire une recherche' aria-label='Faire une recherche' class='av-input-field ' required \/><div class='av_searchsubmit_wrapper av-submit-hasiconlabel'><span class='av-button-icon av-search-icon avia-iconfont avia-font-entypo-fontello' data-av_icon='\ue804' data-av_iconfont='entypo-fontello' ><\/span><input type='submit' value='Trouver' id='searchsubmit' class='button ' title='Voir les r\u00e9sultats sur la page de recherche' aria-label='Voir les r\u00e9sultats sur la page de recherche' \/><\/div><input type='hidden' name='numberposts' value='5' \/><input type='hidden' name='post_type' value='post' \/><input type='hidden' name='results_hide_fields' value='meta' \/><\/div><\/form><\/search><\/div><\/div><div  class='flex_column av-av_one_fifth-f1c518e9ff58e869f80c8f093487abc9 av_one_fifth  avia-builder-el-8  el_after_av_three_fifth  avia-builder-el-last  flex_column_div  '     ><\/div>\n<\/div><\/div><\/div><!-- close content main div --><\/div><\/div><\/div><div id='after_section_1'  class='main_color av_default_container_wrap container_wrap sidebar_right'  ><div class='container av-section-cont-open' ><div class='template-page content  av-content-small alpha units'><div class='post-entry post-entry-type-page post-entry-67'><div class='entry-content-wrapper clearfix'><\/p>\n","protected":false},"excerpt":{"rendered":"","protected":false},"author":1,"featured_media":0,"parent":0,"menu_order":0,"comment_status":"closed","ping_status":"closed","template":"","meta":{"footnotes":""},"class_list":["post-67","page","type-page","status-publish","hentry"],"_links":{"self":[{"href":"https:\/\/aiep-transculturel.com\/documentation\/wp-json\/wp\/v2\/pages\/67","targetHints":{"allow":["GET"]}}],"collection":[{"href":"https:\/\/aiep-transculturel.com\/documentation\/wp-json\/wp\/v2\/pages"}],"about":[{"href":"https:\/\/aiep-transculturel.com\/documentation\/wp-json\/wp\/v2\/types\/page"}],"author":[{"embeddable":true,"href":"https:\/\/aiep-transculturel.com\/documentation\/wp-json\/wp\/v2\/users\/1"}],"replies":[{"embeddable":true,"href":"https:\/\/aiep-transculturel.com\/documentation\/wp-json\/wp\/v2\/comments?post=67"}],"version-history":[{"count":5,"href":"https:\/\/aiep-transculturel.com\/documentation\/wp-json\/wp\/v2\/pages\/67\/revisions"}],"predecessor-version":[{"id":160,"href":"https:\/\/aiep-transculturel.com\/documentation\/wp-json\/wp\/v2\/pages\/67\/revisions\/160"}],"wp:attachment":[{"href":"https:\/\/aiep-transculturel.com\/documentation\/wp-json\/wp\/v2\/media?parent=67"}],"curies":[{"name":"wp","href":"https:\/\/api.w.org\/{rel}","templated":true}]}}