{"id":951,"date":"2022-07-17T11:03:21","date_gmt":"2022-07-17T09:03:21","guid":{"rendered":"https:\/\/aiep-transculturel.com\/transculturailes\/?page_id=951"},"modified":"2022-07-17T11:03:22","modified_gmt":"2022-07-17T09:03:22","slug":"pourquoi-ce-blog","status":"publish","type":"page","link":"https:\/\/aiep-transculturel.com\/transculturailes\/pourquoi-ce-blog\/","title":{"rendered":"POURQUOI CE BLOG"},"content":{"rendered":"\n<style type=\"text\/css\" data-created_by=\"avia_inline_auto\" id=\"style-css-av-l5p3bqxt-05839d9c5f364f071263d48809134346\">\n.flex_column.av-l5p3bqxt-05839d9c5f364f071263d48809134346{\npadding:30px 30px 30px 30px;\n}\n<\/style>\n<div  class='flex_column av-l5p3bqxt-05839d9c5f364f071263d48809134346 av_one_full  avia-builder-el-0  avia-builder-el-no-sibling  first flex_column_div  '     ><p>\n<style type=\"text\/css\" data-created_by=\"avia_inline_auto\" id=\"style-css-av-l5p3aqvb-fcd8119dc94a086cb442d42f7c676740\">\n#top .av-special-heading.av-l5p3aqvb-fcd8119dc94a086cb442d42f7c676740{\npadding-bottom:10px;\n}\nbody .av-special-heading.av-l5p3aqvb-fcd8119dc94a086cb442d42f7c676740 .av-special-heading-tag .heading-char{\nfont-size:25px;\n}\n.av-special-heading.av-l5p3aqvb-fcd8119dc94a086cb442d42f7c676740 .av-subheading{\nfont-size:15px;\n}\n<\/style>\n<div  class='av-special-heading av-l5p3aqvb-fcd8119dc94a086cb442d42f7c676740 av-special-heading-h3  avia-builder-el-1  el_before_av_textblock  avia-builder-el-first '><h3 class='av-special-heading-tag '  itemprop=\"headline\"  >POURQUOI CE BLOG ?<\/h3><div class=\"special-heading-border\"><div class=\"special-heading-inner-border\"><\/div><\/div><\/div><br \/>\n<section  class='av_textblock_section av-l5p3b0tc-39f3a20c06807a8b0902a3c03635431f '   itemscope=\"itemscope\" itemtype=\"https:\/\/schema.org\/CreativeWork\" ><div class='avia_textblock'  itemprop=\"text\" ><p class=\"has-text-align-justify has-normal-font-size\">Les r\u00e9ponses sont multiples, au moins aussi nombreuses que nous le sommes, derri\u00e8re nos claviers, \u00e0 avoir eu envie de cr\u00e9er ce blog.<\/p>\n<p class=\"has-text-align-justify\">Au d\u00e9part, il y a la formation qui a \u00e9t\u00e9 le lieu de notre rencontre\u00a0: le Dipl\u00f4me Universitaire en Psychiatrie et Comp\u00e9tences Transculturelles (DU PTC) de Paris Descartes, port\u00e9 par la Prof MR Moro. Premi\u00e8re promotion compl\u00e8tement en distanciel (covid oblige), nous avons eu envie de cr\u00e9er un endroit o\u00f9 partager davantage. Quoi de mieux qu\u2019un blog?<\/p>\n<p class=\"has-text-align-justify\">Delphine a eu l\u2019id\u00e9e (sous la douche hein), Alice a valid\u00e9 (toujours partante pour superviser les id\u00e9es les plus cr\u00e9atives), Julie, Aissa, Eleonore et Jenny se sont laiss\u00e9es s\u00e9duire (..en gal\u00e8re dans l\u2019\u00e9criture de leur article final), May Line et Anissa se sont greff\u00e9es au projet (en laissant leur superviseur respectif en pleurs).<\/p>\n<p>L\u2019\u00e9quipe \u00e9tait d\u00e9sormais pr\u00eate \u00e0 se lancer !<\/p>\n<p>Mais tout est \u00e0 construire et \u00e0 co-construire\u00a0! On fait comment ???<\/p>\n<p class=\"has-text-align-justify\">Comment \u00e9tayer nos vies professionnelles et personnelles\u00a0\u00e0 travers un blog? Parce que le transculturel a cette particularit\u00e9 de toucher la personne et pas seulement le professionnel, croisant intime et collectif, affectif et culturel\u2026<\/p>\n<p>Premi\u00e8re r\u00e8gle du transculturel : la co-construction.<\/p>\n<p>Deuxi\u00e8me r\u00e8gle du transculturel : le partage.<\/p>\n<p>Troisi\u00e8me r\u00e8gle du transculturel : DAIIIIII, YALLA, ANDA, AN NOU AY, METE SERYE, GEFF GAS.. on y va, let\u2019s go !<\/p>\n<p class=\"has-text-align-justify\">Et nous voici, alors,\u00a0<a href=\"https:\/\/transculturailes.wordpress.com\/about\/\">huit professionnelles<\/a>, de m\u00e9tiers et d\u2019univers diff\u00e9rents, toutes sensibilis\u00e9es aux questions transculturelles\u00a0; chacune avec ses comp\u00e9tences, ses histoires, ses regards et sa plume pour nourrir ce blog, aux multiples m\u00e9tissages.<\/p>\n<p class=\"has-text-align-justify\">Nous y mettons toutes nos interrogations du quotidien, ces petites et ces grandes choses qui nous touchent, pour essayer de voir plus loin.<\/p>\n<p>C\u2019est ici une mani\u00e8re de d\u00e9ployer nos ailes\u2026<\/p>\n<\/div><\/section><br \/>\n\n<style type=\"text\/css\" data-created_by=\"avia_inline_auto\" id=\"style-css-av-l5p3bfpd-634ce483811c1b70ca9449c4fc3d8928\">\n.avia-image-container.av-l5p3bfpd-634ce483811c1b70ca9449c4fc3d8928 img.avia_image{\nbox-shadow:none;\n}\n.avia-image-container.av-l5p3bfpd-634ce483811c1b70ca9449c4fc3d8928 .av-image-caption-overlay-center{\ncolor:#ffffff;\n}\n<\/style>\n<div  class='avia-image-container av-l5p3bfpd-634ce483811c1b70ca9449c4fc3d8928 av-styling- avia-align-center  avia-builder-el-3  el_after_av_textblock  avia-builder-el-last '   itemprop=\"image\" itemscope=\"itemscope\" itemtype=\"https:\/\/schema.org\/ImageObject\" ><div class=\"avia-image-container-inner\"><div class=\"avia-image-overlay-wrap\"><img decoding=\"async\" fetchpriority=\"high\" class='wp-image-952 avia-img-lazy-loading-not-952 avia_image ' src=\"https:\/\/aiep-transculturel.com\/transculturailes\/wp-content\/uploads\/2022\/07\/ladybug-flight-beetle-insect-1030x687.webp\" alt='' title='ladybug-flight-beetle-insect'  height=\"687\" width=\"1030\"  itemprop=\"thumbnailUrl\" srcset=\"https:\/\/aiep-transculturel.com\/transculturailes\/wp-content\/uploads\/2022\/07\/ladybug-flight-beetle-insect-1030x687.webp 1030w, https:\/\/aiep-transculturel.com\/transculturailes\/wp-content\/uploads\/2022\/07\/ladybug-flight-beetle-insect-300x200.webp 300w, https:\/\/aiep-transculturel.com\/transculturailes\/wp-content\/uploads\/2022\/07\/ladybug-flight-beetle-insect-768x512.webp 768w, https:\/\/aiep-transculturel.com\/transculturailes\/wp-content\/uploads\/2022\/07\/ladybug-flight-beetle-insect-705x470.webp 705w, https:\/\/aiep-transculturel.com\/transculturailes\/wp-content\/uploads\/2022\/07\/ladybug-flight-beetle-insect.webp 1500w\" sizes=\"(max-width: 1030px) 100vw, 1030px\" \/><\/div><\/div><\/div><\/p><\/div>\n","protected":false},"excerpt":{"rendered":"","protected":false},"author":1,"featured_media":0,"parent":0,"menu_order":0,"comment_status":"closed","ping_status":"closed","template":"","meta":{"footnotes":""},"class_list":["post-951","page","type-page","status-publish","hentry"],"yoast_head":"<!-- This site is optimized with the Yoast SEO plugin v27.1.1 - https:\/\/yoast.com\/product\/yoast-seo-wordpress\/ -->\n<title>POURQUOI CE BLOG - Transculturailes<\/title>\n<meta name=\"robots\" content=\"index, follow, max-snippet:-1, max-image-preview:large, max-video-preview:-1\" \/>\n<link rel=\"canonical\" href=\"https:\/\/aiep-transculturel.com\/transculturailes\/pourquoi-ce-blog\/\" \/>\n<meta property=\"og:locale\" content=\"fr_FR\" \/>\n<meta property=\"og:type\" content=\"article\" \/>\n<meta property=\"og:title\" content=\"POURQUOI CE BLOG - Transculturailes\" \/>\n<meta property=\"og:url\" content=\"https:\/\/aiep-transculturel.com\/transculturailes\/pourquoi-ce-blog\/\" \/>\n<meta property=\"og:site_name\" content=\"Transculturailes\" \/>\n<meta property=\"article:modified_time\" content=\"2022-07-17T09:03:22+00:00\" \/>\n<meta name=\"twitter:card\" content=\"summary_large_image\" \/>\n<meta name=\"twitter:label1\" content=\"Dur\u00e9e de lecture estim\u00e9e\" \/>\n\t<meta name=\"twitter:data1\" content=\"5 minutes\" \/>\n<script type=\"application\/ld+json\" class=\"yoast-schema-graph\">{\"@context\":\"https:\/\/schema.org\",\"@graph\":[{\"@type\":\"WebPage\",\"@id\":\"https:\/\/aiep-transculturel.com\/transculturailes\/pourquoi-ce-blog\/\",\"url\":\"https:\/\/aiep-transculturel.com\/transculturailes\/pourquoi-ce-blog\/\",\"name\":\"POURQUOI CE BLOG - Transculturailes\",\"isPartOf\":{\"@id\":\"https:\/\/aiep-transculturel.com\/transculturailes\/#website\"},\"datePublished\":\"2022-07-17T09:03:21+00:00\",\"dateModified\":\"2022-07-17T09:03:22+00:00\",\"breadcrumb\":{\"@id\":\"https:\/\/aiep-transculturel.com\/transculturailes\/pourquoi-ce-blog\/#breadcrumb\"},\"inLanguage\":\"fr-FR\",\"potentialAction\":[{\"@type\":\"ReadAction\",\"target\":[\"https:\/\/aiep-transculturel.com\/transculturailes\/pourquoi-ce-blog\/\"]}]},{\"@type\":\"BreadcrumbList\",\"@id\":\"https:\/\/aiep-transculturel.com\/transculturailes\/pourquoi-ce-blog\/#breadcrumb\",\"itemListElement\":[{\"@type\":\"ListItem\",\"position\":1,\"name\":\"Accueil\",\"item\":\"https:\/\/aiep-transculturel.com\/transculturailes\/\"},{\"@type\":\"ListItem\",\"position\":2,\"name\":\"POURQUOI CE BLOG\"}]},{\"@type\":\"WebSite\",\"@id\":\"https:\/\/aiep-transculturel.com\/transculturailes\/#website\",\"url\":\"https:\/\/aiep-transculturel.com\/transculturailes\/\",\"name\":\"Transculturailes\",\"description\":\"Le blog de l&#039;AIEP Transculturel\",\"potentialAction\":[{\"@type\":\"SearchAction\",\"target\":{\"@type\":\"EntryPoint\",\"urlTemplate\":\"https:\/\/aiep-transculturel.com\/transculturailes\/?s={search_term_string}\"},\"query-input\":{\"@type\":\"PropertyValueSpecification\",\"valueRequired\":true,\"valueName\":\"search_term_string\"}}],\"inLanguage\":\"fr-FR\"}]}<\/script>\n<!-- \/ Yoast SEO plugin. -->","yoast_head_json":{"title":"POURQUOI CE BLOG - Transculturailes","robots":{"index":"index","follow":"follow","max-snippet":"max-snippet:-1","max-image-preview":"max-image-preview:large","max-video-preview":"max-video-preview:-1"},"canonical":"https:\/\/aiep-transculturel.com\/transculturailes\/pourquoi-ce-blog\/","og_locale":"fr_FR","og_type":"article","og_title":"POURQUOI CE BLOG - Transculturailes","og_url":"https:\/\/aiep-transculturel.com\/transculturailes\/pourquoi-ce-blog\/","og_site_name":"Transculturailes","article_modified_time":"2022-07-17T09:03:22+00:00","twitter_card":"summary_large_image","twitter_misc":{"Dur\u00e9e de lecture estim\u00e9e":"5 minutes"},"schema":{"@context":"https:\/\/schema.org","@graph":[{"@type":"WebPage","@id":"https:\/\/aiep-transculturel.com\/transculturailes\/pourquoi-ce-blog\/","url":"https:\/\/aiep-transculturel.com\/transculturailes\/pourquoi-ce-blog\/","name":"POURQUOI CE BLOG - Transculturailes","isPartOf":{"@id":"https:\/\/aiep-transculturel.com\/transculturailes\/#website"},"datePublished":"2022-07-17T09:03:21+00:00","dateModified":"2022-07-17T09:03:22+00:00","breadcrumb":{"@id":"https:\/\/aiep-transculturel.com\/transculturailes\/pourquoi-ce-blog\/#breadcrumb"},"inLanguage":"fr-FR","potentialAction":[{"@type":"ReadAction","target":["https:\/\/aiep-transculturel.com\/transculturailes\/pourquoi-ce-blog\/"]}]},{"@type":"BreadcrumbList","@id":"https:\/\/aiep-transculturel.com\/transculturailes\/pourquoi-ce-blog\/#breadcrumb","itemListElement":[{"@type":"ListItem","position":1,"name":"Accueil","item":"https:\/\/aiep-transculturel.com\/transculturailes\/"},{"@type":"ListItem","position":2,"name":"POURQUOI CE BLOG"}]},{"@type":"WebSite","@id":"https:\/\/aiep-transculturel.com\/transculturailes\/#website","url":"https:\/\/aiep-transculturel.com\/transculturailes\/","name":"Transculturailes","description":"Le blog de l&#039;AIEP Transculturel","potentialAction":[{"@type":"SearchAction","target":{"@type":"EntryPoint","urlTemplate":"https:\/\/aiep-transculturel.com\/transculturailes\/?s={search_term_string}"},"query-input":{"@type":"PropertyValueSpecification","valueRequired":true,"valueName":"search_term_string"}}],"inLanguage":"fr-FR"}]}},"_links":{"self":[{"href":"https:\/\/aiep-transculturel.com\/transculturailes\/wp-json\/wp\/v2\/pages\/951","targetHints":{"allow":["GET"]}}],"collection":[{"href":"https:\/\/aiep-transculturel.com\/transculturailes\/wp-json\/wp\/v2\/pages"}],"about":[{"href":"https:\/\/aiep-transculturel.com\/transculturailes\/wp-json\/wp\/v2\/types\/page"}],"author":[{"embeddable":true,"href":"https:\/\/aiep-transculturel.com\/transculturailes\/wp-json\/wp\/v2\/users\/1"}],"replies":[{"embeddable":true,"href":"https:\/\/aiep-transculturel.com\/transculturailes\/wp-json\/wp\/v2\/comments?post=951"}],"version-history":[{"count":2,"href":"https:\/\/aiep-transculturel.com\/transculturailes\/wp-json\/wp\/v2\/pages\/951\/revisions"}],"predecessor-version":[{"id":1230,"href":"https:\/\/aiep-transculturel.com\/transculturailes\/wp-json\/wp\/v2\/pages\/951\/revisions\/1230"}],"wp:attachment":[{"href":"https:\/\/aiep-transculturel.com\/transculturailes\/wp-json\/wp\/v2\/media?parent=951"}],"curies":[{"name":"wp","href":"https:\/\/api.w.org\/{rel}","templated":true}]}}